{"id":17055,"date":"2014-03-25T15:30:44","date_gmt":"2014-03-25T15:30:44","guid":{"rendered":"https:\/\/hungarissimo.festival-academy.com\/carousel\/"},"modified":"2022-10-27T17:03:06","modified_gmt":"2022-10-27T17:03:06","slug":"carousel","status":"publish","type":"page","link":"https:\/\/hungarissimo.festival-academy.com\/sq\/carousel\/","title":{"rendered":"Mb\u00ebshtet\u00ebsit"},"content":{"rendered":"<p>[vc_row css_animation=&#8221;&#8221; row_type=&#8221;row&#8221; use_row_as_full_screen_section=&#8221;no&#8221; type=&#8221;grid&#8221; angled_section=&#8221;no&#8221; text_align=&#8221;left&#8221; background_image_as_pattern=&#8221;without_pattern&#8221; padding_top=&#8221;73&#8243; background_color=&#8221;#ffffff&#8221; padding_bottom=&#8221;30&#8243;][vc_column]<div class=\"evc-section-title evc-shortcode \" style=\"text-align: center\">\n\t<div class=\"evc-st-inner\">\n\t\t\t\t\t<h2 class=\"evc-st-title\" >\n\t\t\t\tMb\u00ebshtet\u00ebsit tan\u00eb\t\t\t<\/h2>\n\t\t\t\t\t\t\t<div class=\"evc-st-separator\" ><\/div>\n\t\t\t\t\t\t\t<\/div>\n<\/div>\n[vc_empty_space][\/vc_column][\/vc_row][vc_row css_animation=&#8221;&#8221; row_type=&#8221;row&#8221; use_row_as_full_screen_section=&#8221;no&#8221; type=&#8221;full_width&#8221; angled_section=&#8221;no&#8221; text_align=&#8221;center&#8221; background_image_as_pattern=&#8221;without_pattern&#8221; el_class=&#8221;supporters&#8221; z_index=&#8221;&#8221;][vc_column width=&#8221;1\/6&#8243;][vc_single_image image=&#8221;17006&#8243; img_size=&#8221;medium&#8221; qode_css_animation=&#8221;&#8221;][vc_single_image image=&#8221;17019&#8243; img_size=&#8221;medium&#8221; qode_css_animation=&#8221;&#8221;][vc_single_image image=&#8221;17171&#8243; img_size=&#8221;medium&#8221; qode_css_animation=&#8221;&#8221;][\/vc_column][vc_column width=&#8221;1\/6&#8243;][vc_single_image image=&#8221;17009&#8243; img_size=&#8221;medium&#8221; qode_css_animation=&#8221;&#8221;][vc_single_image image=&#8221;17089&#8243; img_size=&#8221;medium&#8221; qode_css_animation=&#8221;&#8221;][vc_single_image image=&#8221;17169&#8243; img_size=&#8221;medium&#8221; qode_css_animation=&#8221;&#8221;][\/vc_column][vc_column width=&#8221;1\/6&#8243;][vc_single_image image=&#8221;17011&#8243; img_size=&#8221;medium&#8221; qode_css_animation=&#8221;&#8221;][vc_single_image image=&#8221;17025&#8243; img_size=&#8221;medium&#8221; qode_css_animation=&#8221;&#8221;][vc_single_image image=&#8221;17092&#8243; img_size=&#8221;medium&#8221; qode_css_animation=&#8221;&#8221;][\/vc_column][vc_column width=&#8221;1\/6&#8243;][vc_single_image image=&#8221;17013&#8243; img_size=&#8221;medium&#8221; qode_css_animation=&#8221;&#8221;][vc_single_image image=&#8221;17028&#8243; img_size=&#8221;medium&#8221; qode_css_animation=&#8221;&#8221;][\/vc_column][vc_column width=&#8221;1\/6&#8243;][vc_single_image image=&#8221;17015&#8243; img_size=&#8221;medium&#8221; qode_css_animation=&#8221;&#8221;][vc_single_image image=&#8221;17032&#8243; img_size=&#8221;medium&#8221; qode_css_animation=&#8221;&#8221;][\/vc_column][vc_column width=&#8221;1\/6&#8243;][vc_single_image image=&#8221;17017&#8243; img_size=&#8221;medium&#8221; qode_css_animation=&#8221;&#8221;][vc_single_image image=&#8221;17040&#8243; img_size=&#8221;medium&#8221; qode_css_animation=&#8221;&#8221;][\/vc_column][vc_column][vc_empty_space height=&#8221;52px&#8221;][\/vc_column][\/vc_row]<\/p>\n","protected":false},"excerpt":{"rendered":"<p>[vc_row css_animation=&#8221;&#8221; row_type=&#8221;row&#8221; use_row_as_full_screen_section=&#8221;no&#8221; type=&#8221;grid&#8221; angled_section=&#8221;no&#8221; text_align=&#8221;left&#8221; background_image_as_pattern=&#8221;without_pattern&#8221; padding_top=&#8221;73&#8243; background_color=&#8221;#ffffff&#8221; padding_bottom=&#8221;30&#8243;][vc_column][vc_empty_space][\/vc_column][\/vc_row][vc_row css_animation=&#8221;&#8221; row_type=&#8221;row&#8221; use_row_as_full_screen_section=&#8221;no&#8221; type=&#8221;full_width&#8221; angled_section=&#8221;no&#8221; text_align=&#8221;center&#8221; background_image_as_pattern=&#8221;without_pattern&#8221; el_class=&#8221;supporters&#8221; z_index=&#8221;&#8221;][vc_column width=&#8221;1\/6&#8243;][vc_single_image image=&#8221;17006&#8243; img_size=&#8221;medium&#8221; qode_css_animation=&#8221;&#8221;][vc_single_image image=&#8221;17019&#8243; img_size=&#8221;medium&#8221; qode_css_animation=&#8221;&#8221;][vc_single_image image=&#8221;17171&#8243; img_size=&#8221;medium&#8221; qode_css_animation=&#8221;&#8221;][\/vc_column][vc_column width=&#8221;1\/6&#8243;][vc_single_image image=&#8221;17009&#8243; img_size=&#8221;medium&#8221; qode_css_animation=&#8221;&#8221;][vc_single_image image=&#8221;17089&#8243; img_size=&#8221;medium&#8221; qode_css_animation=&#8221;&#8221;][vc_single_image image=&#8221;17169&#8243; img_size=&#8221;medium&#8221; qode_css_animation=&#8221;&#8221;][\/vc_column][vc_column width=&#8221;1\/6&#8243;][vc_single_image image=&#8221;17011&#8243; img_size=&#8221;medium&#8221; qode_css_animation=&#8221;&#8221;][vc_single_image image=&#8221;17025&#8243;&#8230;<\/p>\n","protected":false},"author":1,"featured_media":0,"parent":0,"menu_order":0,"comment_status":"open","ping_status":"open","template":"full_width.php","meta":{"footnotes":""},"class_list":["post-17055","page","type-page","status-publish","hentry"],"_links":{"self":[{"href":"https:\/\/hungarissimo.festival-academy.com\/sq\/wp-json\/wp\/v2\/pages\/17055","targetHints":{"allow":["GET"]}}],"collection":[{"href":"https:\/\/hungarissimo.festival-academy.com\/sq\/wp-json\/wp\/v2\/pages"}],"about":[{"href":"https:\/\/hungarissimo.festival-academy.com\/sq\/wp-json\/wp\/v2\/types\/page"}],"author":[{"embeddable":true,"href":"https:\/\/hungarissimo.festival-academy.com\/sq\/wp-json\/wp\/v2\/users\/1"}],"replies":[{"embeddable":true,"href":"https:\/\/hungarissimo.festival-academy.com\/sq\/wp-json\/wp\/v2\/comments?post=17055"}],"version-history":[{"count":7,"href":"https:\/\/hungarissimo.festival-academy.com\/sq\/wp-json\/wp\/v2\/pages\/17055\/revisions"}],"predecessor-version":[{"id":17173,"href":"https:\/\/hungarissimo.festival-academy.com\/sq\/wp-json\/wp\/v2\/pages\/17055\/revisions\/17173"}],"wp:attachment":[{"href":"https:\/\/hungarissimo.festival-academy.com\/sq\/wp-json\/wp\/v2\/media?parent=17055"}],"curies":[{"name":"wp","href":"https:\/\/api.w.org\/{rel}","templated":true}]}}