{"id":16605,"date":"2022-10-19T20:13:51","date_gmt":"2022-10-19T20:13:51","guid":{"rendered":"https:\/\/hungarissimo.festival-academy.com\/?page_id=16605"},"modified":"2024-10-15T18:44:57","modified_gmt":"2024-10-15T18:44:57","slug":"welcome-by-the-festival-director-2","status":"publish","type":"page","link":"https:\/\/hungarissimo.festival-academy.com\/sq\/welcome-by-the-festival-director-2\/","title":{"rendered":"Fjal\u00eb Mir\u00ebseardh\u00ebse"},"content":{"rendered":"<p>[vc_row css_animation=&#8221;&#8221; row_type=&#8221;row&#8221; use_row_as_full_screen_section=&#8221;no&#8221; type=&#8221;full_width&#8221; angled_section=&#8221;no&#8221; text_align=&#8221;left&#8221; background_image_as_pattern=&#8221;without_pattern&#8221;][vc_column]<div class=\"evc-section-title evc-shortcode \" style=\"text-align: center\">\n\t<div class=\"evc-st-inner\">\n\t\t\t\t\t<h2 class=\"evc-st-title\" >\n\t\t\t\tFjal\u00eb Mir\u00ebseardh\u00ebse\t\t\t<\/h2>\n\t\t\t\t\t\t\t<div class=\"evc-st-separator\" ><\/div>\n\t\t\t\t\t\t\t<\/div>\n<\/div>\n[vc_empty_space height=&#8221;52px&#8221;][vc_column_text]<\/p>\n<h4><strong>Mir\u00eb se vini n\u00eb\u00a0 \u201cHungarissimo\u201d, celebrimin e Dit\u00ebve t\u00eb Kultur\u00ebs Hungareze n\u00eb Shqip\u00ebri!<\/strong><\/h4>\n<p>&nbsp;<\/p>\n<p>\u201cHungarissimo\u201d \u00ebsht\u00eb tashm\u00eb nj\u00eb mark\u00eb e njohur nd\u00ebrkomb\u00ebtarisht, me evente t\u00eb r\u00ebnd\u00ebsishme t\u00eb organizuara m\u00eb her\u00ebt n\u00eb Hungari dhe n\u00eb Shqip\u00ebri. Por, tashm\u00eb po vjen p\u00ebr her\u00eb t\u00eb par\u00eb me nj\u00eb dimension t\u00eb ri: m\u00eb t\u00eb plot\u00eb, m\u00eb inovative dhe me nj\u00eb buqet\u00eb fantastike pjes\u00ebmarr\u00ebsish. Programi i propozuar i k\u00ebtij viti \u00ebsht\u00eb unik n\u00eb larmin\u00eb e tij t\u00eb aktiviteteve. \u201cHungarissimo\u201d do t\u00eb sjell\u00eb n\u00eb Shqip\u00ebri artist\u00eb dhe autor\u00eb me fam\u00eb bot\u00ebrore, si dhe artist\u00eb t\u00eb rinj e t\u00eb suksessh\u00ebm p\u00ebr performanca nd\u00ebrkulturore.<\/p>\n<p>&nbsp;<\/p>\n<p>Meqen\u00ebse Tirana \u00ebsht\u00eb zgjedhur si Kryeqyteti Evropian i Rinis\u00eb dhe aktivitetet n\u00eb qytet jan\u00eb t\u00eb orientuara drejt synimit dhe angazhimit t\u00eb brezave t\u00eb rinj, \u201cHungarissimo\u201d do t\u00eb synoj\u00eb n\u00eb m\u00ebnyr\u00eb specifike k\u00ebto grupe kryesore demografike me aktivitete dhe programe t\u00eb zgjedhura. Duke pasur si objektiv angazhimin dhe pjes\u00ebmarrjen e t\u00eb rinjve, programe t\u00eb tilla do t\u00eb ndihmojn\u00eb artist\u00ebt e rinj t\u00eb zhvillojn\u00eb aft\u00ebsit\u00eb dhe t\u00eb zgjerojn\u00eb njohurit\u00eb e tyre duke marr\u00eb pjes\u00eb n\u00eb aktivitete q\u00eb lidhen me artin, kultur\u00ebn, arsimin dhe aktivizmin rinor.<\/p>\n<p>&nbsp;<\/p>\n<p>Elementi i shtuar i k\u00ebtij edicioni \u00ebsht\u00eb se Festivali nuk do t\u00eb vij\u00eb vet\u00ebm n\u00eb Tiran\u00eb, por do t\u00eb zhvendoset edhe n\u00eb Fier dhe n\u00eb Kor\u00e7\u00eb, dy nga qytetet shqiptare m\u00eb me tradit\u00eb n\u00eb fush\u00ebn e kultur\u00ebs. S\u00eb bashku, do t\u00eb p\u00ebrjetojm\u00eb jo vet\u00ebm k\u00ebnaq\u00ebsin\u00eb e aktiviteteve t\u00eb posa\u00e7me t\u00eb parashikuara p\u00ebr aty, por edhe emocionet e rikujtimit t\u00eb disa prej personazheve dhe fenomeneve m\u00eb p\u00ebrcaktuese n\u00eb historin\u00eb e af\u00ebrme t\u00eb artit shqiptar.<\/p>\n<p>&nbsp;<\/p>\n<p>Nd\u00ebrkoh\u00eb q\u00eb num\u00ebrojm\u00eb dit\u00ebt deri n\u00eb fillimin e aktiviteteve, ju ftojm\u00eb t\u00eb sh\u00ebnoni n\u00eb kalendarin tuaj k\u00ebt\u00eb event q\u00eb nuk duhet humbur. Masterklasat e larmishme, konferenca e jasht\u00ebzakonshme Kod\u00e1ly, arti i inteligjenc\u00ebs artificiale, kombinimi unik i muzik\u00ebs jazz dhe loj\u00ebs s\u00eb shahut, e mjaft aktivitete t\u00eb tjera do t\u00eb vijn\u00eb p\u00ebr her\u00eb t\u00eb par\u00eb n\u00eb Shqip\u00ebri!<\/p>\n<p>&nbsp;<\/p>\n<p>S\u00eb fundmi, d\u00ebshiroj t\u00eb shpreh falenderimet p\u00ebr t\u00eb gjith\u00eb ata q\u00eb do e b\u00ebjn\u00eb t\u00eb mundur k\u00ebt\u00eb event t\u00eb paharruesh\u00ebm, miqt\u00eb dhe mb\u00ebshtet\u00ebsit e Festivalit n\u00eb Shqip\u00ebri dhe p\u00ebrtej kufijve t\u00eb vendit!<\/p>\n<p>&nbsp;<\/p>\n<p><strong>Almira Emiri \u2013 M\u00f6llendorf\u00a0<\/strong>[\/vc_column_text][vc_empty_space height=&#8221;52px&#8221;][\/vc_column][\/vc_row]<\/p>\n","protected":false},"excerpt":{"rendered":"<p>[vc_row css_animation=&#8221;&#8221; row_type=&#8221;row&#8221; use_row_as_full_screen_section=&#8221;no&#8221; type=&#8221;full_width&#8221; angled_section=&#8221;no&#8221; text_align=&#8221;left&#8221; background_image_as_pattern=&#8221;without_pattern&#8221;][vc_column][vc_empty_space height=&#8221;52px&#8221;][vc_column_text] Mir\u00eb se vini n\u00eb\u00a0 \u201cHungarissimo\u201d, celebrimin e Dit\u00ebve t\u00eb Kultur\u00ebs Hungareze n\u00eb Shqip\u00ebri! &nbsp; \u201cHungarissimo\u201d \u00ebsht\u00eb tashm\u00eb nj\u00eb mark\u00eb e njohur nd\u00ebrkomb\u00ebtarisht, me evente t\u00eb r\u00ebnd\u00ebsishme t\u00eb organizuara m\u00eb her\u00ebt n\u00eb Hungari dhe n\u00eb Shqip\u00ebri. Por,&#8230;<\/p>\n","protected":false},"author":1,"featured_media":0,"parent":0,"menu_order":0,"comment_status":"closed","ping_status":"closed","template":"","meta":{"footnotes":""},"class_list":["post-16605","page","type-page","status-publish","hentry"],"_links":{"self":[{"href":"https:\/\/hungarissimo.festival-academy.com\/sq\/wp-json\/wp\/v2\/pages\/16605","targetHints":{"allow":["GET"]}}],"collection":[{"href":"https:\/\/hungarissimo.festival-academy.com\/sq\/wp-json\/wp\/v2\/pages"}],"about":[{"href":"https:\/\/hungarissimo.festival-academy.com\/sq\/wp-json\/wp\/v2\/types\/page"}],"author":[{"embeddable":true,"href":"https:\/\/hungarissimo.festival-academy.com\/sq\/wp-json\/wp\/v2\/users\/1"}],"replies":[{"embeddable":true,"href":"https:\/\/hungarissimo.festival-academy.com\/sq\/wp-json\/wp\/v2\/comments?post=16605"}],"version-history":[{"count":7,"href":"https:\/\/hungarissimo.festival-academy.com\/sq\/wp-json\/wp\/v2\/pages\/16605\/revisions"}],"predecessor-version":[{"id":17321,"href":"https:\/\/hungarissimo.festival-academy.com\/sq\/wp-json\/wp\/v2\/pages\/16605\/revisions\/17321"}],"wp:attachment":[{"href":"https:\/\/hungarissimo.festival-academy.com\/sq\/wp-json\/wp\/v2\/media?parent=16605"}],"curies":[{"name":"wp","href":"https:\/\/api.w.org\/{rel}","templated":true}]}}