{"id":16602,"date":"2022-10-19T20:12:57","date_gmt":"2022-10-19T20:12:57","guid":{"rendered":"https:\/\/hungarissimo.festival-academy.com\/?page_id=16602"},"modified":"2024-10-15T18:43:17","modified_gmt":"2024-10-15T18:43:17","slug":"the-festival-2","status":"publish","type":"page","link":"https:\/\/hungarissimo.festival-academy.com\/sq\/the-festival-2\/","title":{"rendered":"Festivali"},"content":{"rendered":"<p>[vc_row css_animation=&#8221;&#8221; row_type=&#8221;row&#8221; use_row_as_full_screen_section=&#8221;no&#8221; type=&#8221;full_width&#8221; angled_section=&#8221;no&#8221; text_align=&#8221;left&#8221; background_image_as_pattern=&#8221;without_pattern&#8221;][vc_column]<div class=\"evc-section-title evc-shortcode \" style=\"text-align: center\">\n\t<div class=\"evc-st-inner\">\n\t\t\t\t\t<h2 class=\"evc-st-title\" >\n\t\t\t\tFestivali\t\t\t<\/h2>\n\t\t\t\t\t\t\t<div class=\"evc-st-separator\" ><\/div>\n\t\t\t\t\t\t\t<\/div>\n<\/div>\n[vc_empty_space height=&#8221;52px&#8221;][vc_column_text]\u201cHungarissimo\u201d \u00ebsht\u00eb nj\u00eb festival q\u00eb synon t\u00eb bashkoj\u00eb Shqip\u00ebrin\u00eb dhe Hungarin\u00eb n\u00ebp\u00ebrmjet artit dhe kultur\u00ebs, t\u00eb nxis\u00eb mir\u00ebkuptimin mes dy popujve, t\u00eb promovoj\u00eb shk\u00ebmbimet kulturore dhe t\u00eb nd\u00ebrtoj\u00eb ura bashk\u00ebpunimi p\u00ebr artist\u00ebt e rinj dhe t\u00eb afirmuar.<\/p>\n<p>&nbsp;<\/p>\n<p>Festivali promovon kultur\u00ebn shqiptare dhe hungareze dhe aksesin n\u00eb krijimtarin\u00eb bashk\u00ebkohore, n\u00eb kuadrin e mund\u00ebsive dhe angazhimeve n\u00eb rritje nd\u00ebrmjet Shqip\u00ebris\u00eb dhe Hungaris\u00eb, &#8211; si n\u00eb marr\u00ebdh\u00ebniet diplomatike, ashtu edhe n\u00eb lidhjet mes njer\u00ebzve &#8211; ku nd\u00ebrthuren muzika, artet vizuale dhe ato t\u00eb performanc\u00ebs, inovacioni, kulinaria, si edhe let\u00ebrsia e publicistika. Ky vit p\u00ebrkon me 100 vjetorin e vendosjes s\u00eb marr\u00ebdh\u00ebnieve diplomatike nd\u00ebrmjet Shqip\u00ebris\u00eb dhe Hungaris\u00eb dhe rrjedhimisht eventi do t\u00eb celebroj\u00eb n\u00eb m\u00ebnyr\u00eb t\u00eb posa\u00e7me k\u00ebt\u00eb p\u00ebrvjetor historik.<\/p>\n<p>&nbsp;<\/p>\n<p>\u201cHungarissimo\u201d vjen n\u00eb vazhd\u00ebn e jav\u00ebve kulturore nd\u00ebrkomb\u00ebtare t\u00eb organizuara nga Kryeministria e Republik\u00ebs s\u00eb Shqip\u00ebris\u00eb n\u00eb partneritet me Ministrin\u00eb e Kultur\u00ebs. Nj\u00ebkoh\u00ebsisht eventi realizohet n\u00eb bashk\u00ebpunim me Ambasad\u00ebn e Hungaris\u00eb n\u00eb Tiran\u00eb.[\/vc_column_text][vc_empty_space height=&#8221;52px&#8221;][\/vc_column][\/vc_row]<\/p>\n","protected":false},"excerpt":{"rendered":"<p>[vc_row css_animation=&#8221;&#8221; row_type=&#8221;row&#8221; use_row_as_full_screen_section=&#8221;no&#8221; type=&#8221;full_width&#8221; angled_section=&#8221;no&#8221; text_align=&#8221;left&#8221; background_image_as_pattern=&#8221;without_pattern&#8221;][vc_column][vc_empty_space height=&#8221;52px&#8221;][vc_column_text]\u201cHungarissimo\u201d \u00ebsht\u00eb nj\u00eb festival q\u00eb synon t\u00eb bashkoj\u00eb Shqip\u00ebrin\u00eb dhe Hungarin\u00eb n\u00ebp\u00ebrmjet artit dhe kultur\u00ebs, t\u00eb nxis\u00eb mir\u00ebkuptimin mes dy popujve, t\u00eb promovoj\u00eb shk\u00ebmbimet kulturore dhe t\u00eb nd\u00ebrtoj\u00eb ura bashk\u00ebpunimi p\u00ebr artist\u00ebt e rinj dhe t\u00eb afirmuar&#8230;.<\/p>\n","protected":false},"author":1,"featured_media":0,"parent":0,"menu_order":0,"comment_status":"closed","ping_status":"closed","template":"","meta":{"footnotes":""},"class_list":["post-16602","page","type-page","status-publish","hentry"],"_links":{"self":[{"href":"https:\/\/hungarissimo.festival-academy.com\/sq\/wp-json\/wp\/v2\/pages\/16602","targetHints":{"allow":["GET"]}}],"collection":[{"href":"https:\/\/hungarissimo.festival-academy.com\/sq\/wp-json\/wp\/v2\/pages"}],"about":[{"href":"https:\/\/hungarissimo.festival-academy.com\/sq\/wp-json\/wp\/v2\/types\/page"}],"author":[{"embeddable":true,"href":"https:\/\/hungarissimo.festival-academy.com\/sq\/wp-json\/wp\/v2\/users\/1"}],"replies":[{"embeddable":true,"href":"https:\/\/hungarissimo.festival-academy.com\/sq\/wp-json\/wp\/v2\/comments?post=16602"}],"version-history":[{"count":3,"href":"https:\/\/hungarissimo.festival-academy.com\/sq\/wp-json\/wp\/v2\/pages\/16602\/revisions"}],"predecessor-version":[{"id":17318,"href":"https:\/\/hungarissimo.festival-academy.com\/sq\/wp-json\/wp\/v2\/pages\/16602\/revisions\/17318"}],"wp:attachment":[{"href":"https:\/\/hungarissimo.festival-academy.com\/sq\/wp-json\/wp\/v2\/media?parent=16602"}],"curies":[{"name":"wp","href":"https:\/\/api.w.org\/{rel}","templated":true}]}}