{"id":16590,"date":"2022-10-19T20:08:47","date_gmt":"2022-10-19T20:08:47","guid":{"rendered":"https:\/\/hungarissimo.festival-academy.com\/?page_id=16590"},"modified":"2022-10-19T20:39:34","modified_gmt":"2022-10-19T20:39:34","slug":"contact-2","status":"publish","type":"page","link":"https:\/\/hungarissimo.festival-academy.com\/sq\/contact-2\/","title":{"rendered":"Kontakt"},"content":{"rendered":"<p>[vc_row css_animation=&#8221;&#8221; row_type=&#8221;row&#8221; use_row_as_full_screen_section=&#8221;no&#8221; type=&#8221;full_width&#8221; angled_section=&#8221;no&#8221; text_align=&#8221;left&#8221; background_image_as_pattern=&#8221;without_pattern&#8221;][vc_column][vc_column_text]<\/p>\n<h4 style=\"text-align: center;\">N\u00ebse k\u00ebrkoni t\u00eb m\u00ebsoni m\u00eb shum\u00eb rreth \u201cHungarissimo\u201d apo n\u00ebse d\u00ebshironi t\u00eb b\u00ebheni partner dhe mb\u00ebshtet\u00ebs i platform\u00ebs s\u00eb Festivalit, ju lutem na kontaktoni me email ose n\u00eb rrjetet tona sociale!<\/h4>\n<p>[\/vc_column_text][vc_empty_space height=&#8221;22px&#8221;][vc_separator css_animation=&#8221;none&#8221; type=&#8221;small&#8221; position=&#8221;center&#8221; up=&#8221;6&#8243; down=&#8221;6&#8243; width=&#8221;250&#8243; transparency=&#8221;0.4&#8243; thickness=&#8221;1.5&#8243;][vc_empty_space height=&#8221;52px&#8221;][vc_column_text el_class=&#8221;email&#8221;]<\/p>\n<h2 style=\"text-align: center;\">Email:\u00a0 <a href=\"mailto:hungarissimo.info@shalom.al\">hungarissimo.info@shalom.al<\/a><\/h2>\n<p>[\/vc_column_text][vc_empty_space height=&#8221;52px&#8221;][vc_separator type=&#8221;normal&#8221;][vc_empty_space height=&#8221;22px&#8221;][vc_column_text]<\/p>\n<h3 style=\"text-align: center;\">Na Ndiqni<\/h3>\n<p>[\/vc_column_text][vc_empty_space][vc_row_inner row_type=&#8221;row&#8221; type=&#8221;full_width&#8221; text_align=&#8221;left&#8221; css_animation=&#8221;&#8221;][vc_column_inner el_class=&#8221;social&#8221; width=&#8221;1\/4&#8243; css=&#8221;.vc_custom_1666203382011{margin-top: 10px !important;margin-right: 10px !important;margin-bottom: 10px !important;margin-left: 10px !important;}&#8221;]<span class='q_social_icon_holder circle_social' ><a itemprop='url' href='https:\/\/www.facebook.com\/FestivalAcademyAlbania' target='_blank'><span class='fa-stack fa-4x' style='border-color: #eaeaea;border-width: 0.6px;margin: 0 13px 0 0;'><i class=\"qode_icon_font_awesome fa fa-facebook-f \" style=\"\" ><\/i><\/span><\/a><\/span>[\/vc_column_inner][vc_column_inner el_class=&#8221;social&#8221; width=&#8221;1\/4&#8243; css=&#8221;.vc_custom_1666203411155{margin-top: 10px !important;margin-right: 10px !important;margin-bottom: 10px !important;margin-left: 10px !important;}&#8221;]<span class='q_social_icon_holder circle_social' ><a itemprop='url' href='https:\/\/twitter.com\/FestAcademyAL' target='_blank'><span class='fa-stack fa-4x' style='border-color: #eaeaea;border-width: 0.6px;margin: 0 13px 0 0;'><i class=\"qode_icon_font_awesome fa fa-twitter \" style=\"\" ><\/i><\/span><\/a><\/span>[\/vc_column_inner][vc_column_inner el_class=&#8221;social&#8221; width=&#8221;1\/4&#8243; css=&#8221;.vc_custom_1666203425901{margin-top: 10px !important;margin-right: 10px !important;margin-bottom: 10px !important;margin-left: 10px !important;}&#8221;]<span class='q_social_icon_holder circle_social' ><a itemprop='url' href='https:\/\/www.instagram.com\/festivalacademyal\/' target='_blank'><span class='fa-stack fa-4x' style='border-color: #eaeaea;border-width: 0.6px;margin: 0 13px 0 0;'><i class=\"qode_icon_font_awesome fa fa-instagram \" style=\"\" ><\/i><\/span><\/a><\/span>[\/vc_column_inner][vc_column_inner el_class=&#8221;social&#8221; width=&#8221;1\/4&#8243; css=&#8221;.vc_custom_1666203439053{margin-top: 10px !important;margin-right: 10px !important;margin-bottom: 10px !important;margin-left: 10px !important;}&#8221;]<span class='q_social_icon_holder circle_social' ><a itemprop='url' href='https:\/\/www.youtube.com\/channel\/UCop8grhJHvt82MSI-2SePdg' target='_blank'><span class='fa-stack fa-4x' style='border-color: #eaeaea;border-width: 0.6px;margin: 0 13px 0 0;'><i class=\"qode_icon_font_awesome fa fa-youtube \" style=\"\" ><\/i><\/span><\/a><\/span>[\/vc_column_inner][\/vc_row_inner][\/vc_column][\/vc_row]<\/p>\n","protected":false},"excerpt":{"rendered":"<p>[vc_row css_animation=&#8221;&#8221; row_type=&#8221;row&#8221; use_row_as_full_screen_section=&#8221;no&#8221; type=&#8221;full_width&#8221; angled_section=&#8221;no&#8221; text_align=&#8221;left&#8221; background_image_as_pattern=&#8221;without_pattern&#8221;][vc_column][vc_column_text] N\u00ebse k\u00ebrkoni t\u00eb m\u00ebsoni m\u00eb shum\u00eb rreth \u201cHungarissimo\u201d apo n\u00ebse d\u00ebshironi t\u00eb b\u00ebheni partner dhe mb\u00ebshtet\u00ebs i platform\u00ebs s\u00eb Festivalit, ju lutem na kontaktoni me email ose n\u00eb rrjetet tona sociale! [\/vc_column_text][vc_empty_space height=&#8221;22px&#8221;][vc_separator css_animation=&#8221;none&#8221; type=&#8221;small&#8221; position=&#8221;center&#8221; up=&#8221;6&#8243;&#8230;<\/p>\n","protected":false},"author":1,"featured_media":0,"parent":0,"menu_order":0,"comment_status":"closed","ping_status":"closed","template":"","meta":{"footnotes":""},"class_list":["post-16590","page","type-page","status-publish","hentry"],"_links":{"self":[{"href":"https:\/\/hungarissimo.festival-academy.com\/sq\/wp-json\/wp\/v2\/pages\/16590","targetHints":{"allow":["GET"]}}],"collection":[{"href":"https:\/\/hungarissimo.festival-academy.com\/sq\/wp-json\/wp\/v2\/pages"}],"about":[{"href":"https:\/\/hungarissimo.festival-academy.com\/sq\/wp-json\/wp\/v2\/types\/page"}],"author":[{"embeddable":true,"href":"https:\/\/hungarissimo.festival-academy.com\/sq\/wp-json\/wp\/v2\/users\/1"}],"replies":[{"embeddable":true,"href":"https:\/\/hungarissimo.festival-academy.com\/sq\/wp-json\/wp\/v2\/comments?post=16590"}],"version-history":[{"count":3,"href":"https:\/\/hungarissimo.festival-academy.com\/sq\/wp-json\/wp\/v2\/pages\/16590\/revisions"}],"predecessor-version":[{"id":16947,"href":"https:\/\/hungarissimo.festival-academy.com\/sq\/wp-json\/wp\/v2\/pages\/16590\/revisions\/16947"}],"wp:attachment":[{"href":"https:\/\/hungarissimo.festival-academy.com\/sq\/wp-json\/wp\/v2\/media?parent=16590"}],"curies":[{"name":"wp","href":"https:\/\/api.w.org\/{rel}","templated":true}]}}